{"id":2,"date":"2013-12-29T16:12:54","date_gmt":"2013-12-29T15:12:54","guid":{"rendered":"http:\/\/localhost\/wordpress-3.7\/wordpress\/?page_id=2"},"modified":"2021-08-15T12:55:36","modified_gmt":"2021-08-15T10:55:36","slug":"sample-page","status":"publish","type":"page","link":"https:\/\/zoemobil.de\/?page_id=2","title":{"rendered":"Impressum"},"content":{"rendered":"<p>Matthias Beck<br \/>\nPfalzburger Stra\u00dfe 19a<br \/>\n10719 Berlin<br \/>\nMobil 0171.311.68.06<br \/>\nFax 030.88.55.14.82<br \/>\nmatthias@zoemobil.de<\/p>\n<p>Die von mir unter dem Synonym &#8222;beckslash&#8220; verfassten Beitr\u00e4ge in diesem Weblog repr\u00e4sentieren meine pers\u00f6nliche Meinung. Es steht au\u00dfer Frage, dass es andere Sichtweisen gibt. Ich gebe also keine Garantie daf\u00fcr, dass meine Schlussfolgerungen, Eindr\u00fccke und Erfahrungen identisch mit denen der Leserinnen und Leser sind. Ich bem\u00fche mich um Objektivit\u00e4t. Allerdings erlaube ich mir ebenfalls, eine \u00dcberzeugung zu haben und zu vertreten.<\/p>\n<p>Kritik, Anregungen und Kommentare sind willkommen. Ich lege aber ausdr\u00fccklich darauf Wert, dass sich alle Beteiligten so verhalten, wie es auch bei einem pers\u00f6nlichen Gespr\u00e4ch, Auge in Auge, der Fall w\u00e4re. F\u00fcr Beschimpfungen und Beleidigungen, wie man sie vielerorts in Foren lesen kann, habe ich kein Verst\u00e4ndnis und werde derartige Beitr\u00e4ge l\u00f6schen. F\u00fcr andere Entgleisungen gilt sinngem\u00e4\u00df dasselbe.<\/p>\n<p>Die in den Beitr\u00e4gen genannten Marken sind selbstverst\u00e4ndich Eigentum der jeweiligen Markeninhaber. Bewertungen und Beurteilungen von Produkten erfolgen nach bestem Wissen und Gewissen auf Basis meiner eigenen Erfahrungen und Kenntnisse. Irrt\u00fcmer sind nie ausgeschlossen.<\/p>\n<h1>Disclaimer &#8211; rechtliche Hinweise<\/h1>\n<h3>1. Haftungsbeschr\u00e4nkung<\/h3>\n<p>Die Inhalte dieser Website werden mit gr\u00f6\u00dftm\u00f6glicher Sorgfalt erstellt. Der Anbieter \u00fcbernimmt jedoch keine Gew\u00e4hr f\u00fcr die Richtigkeit, Vollst\u00e4ndigkeit und Aktualit\u00e4t der bereitgestellten Inhalte. Die Nutzung der Inhalte der Website erfolgt auf eigene Gefahr des Nutzers. Namentlich gekennzeichnete Beitr\u00e4ge geben die Meinung des jeweiligen Autors und nicht immer die Meinung des Anbieters wieder. Mit der reinen Nutzung der Website des Anbieters kommt keinerlei Vertragsverh\u00e4ltnis zwischen dem Nutzer und dem Anbieter zustande.<\/p>\n<h3>2. Externe Links<\/h3>\n<p>Diese Website enth\u00e4lt Verkn\u00fcpfungen zu Websites Dritter (&#8222;externe Links&#8220;). Diese Websites unterliegen der Haftung der jeweiligen Betreiber. Der Anbieter hat bei der erstmaligen Verkn\u00fcpfung der externen Links die fremden Inhalte daraufhin \u00fcberpr\u00fcft, ob etwaige Rechtsverst\u00f6\u00dfe bestehen. Zu dem Zeitpunkt waren keine Rechtsverst\u00f6\u00dfe ersichtlich. Der Anbieter hat keinerlei Einfluss auf die aktuelle und zuk\u00fcnftige Gestaltung und auf die Inhalte der verkn\u00fcpften Seiten. Das Setzen von externen Links bedeutet nicht, dass sich der Anbieter die hinter dem Verweis oder Link liegenden Inhalte zu Eigen macht. Eine st\u00e4ndige Kontrolle der externen Links ist f\u00fcr den Anbieter ohne konkrete Hinweise auf Rechtsverst\u00f6\u00dfe nicht zumutbar. Bei Kenntnis von Rechtsverst\u00f6\u00dfen werden jedoch derartige externe Links unverz\u00fcglich gel\u00f6scht.<\/p>\n<h3>3. Urheber- und Leistungsschutzrechte<\/h3>\n<p>Die auf dieser Website ver\u00f6ffentlichten Inhalte unterliegen dem deutschen Urheber- und Leistungsschutzrecht. Jede vom deutschen Urheber- und Leistungsschutzrecht nicht zugelassene Verwertung bedarf der vorherigen schriftlichen Zustimmung des Anbieters oder jeweiligen Rechteinhabers. Dies gilt insbesondere f\u00fcr Vervielf\u00e4ltigung, Bearbeitung, \u00dcbersetzung, Einspeicherung, Verarbeitung bzw. Wiedergabe von Inhalten in Datenbanken oder anderen elektronischen Medien und Systemen. Inhalte und Rechte Dritter sind dabei als solche gekennzeichnet. Die unerlaubte Vervielf\u00e4ltigung oder Weitergabe einzelner Inhalte oder kompletter Seiten ist nicht gestattet und strafbar. Lediglich die Herstellung von Kopien und Downloads f\u00fcr den pers\u00f6nlichen, privaten und nicht kommerziellen Gebrauch ist erlaubt.<\/p>\n<p>Die Darstellung dieser Website in fremden Frames ist nur mit schriftlicher Erlaubnis zul\u00e4ssig.<\/p>\n<h3>4. Besondere Nutzungsbedingungen<\/h3>\n<p>Soweit besondere Bedingungen f\u00fcr einzelne Nutzungen dieser Website von den vorgenannten Nummern 1. bis 4. abweichen, wird an entsprechender Stelle ausdr\u00fccklich darauf hingewiesen. In diesem Falle gelten im jeweiligen Einzelfall die besonderen Nutzungsbedingungen.<\/p>\n<p>Quelle: Muster-Disclaimer von <a href=\"http:\/\/www.juraforum.de\" title=\"Juraforum.de\" target=\"_blank\" rel=\"noopener noreferrer\">Juraforum.de<\/a> in Kooperation mit <a title=\"Rechtsanw\u00e4lte\" href=\"http:\/\/www.experten-branchenbuch.de\">Experten-Branchenbuch.de<\/a><\/p>\n<p>Bildrechte (soefern nicht anders angegeben):<br \/>\nMatthias Beck<\/p>\n","protected":false},"excerpt":{"rendered":"<p>Matthias Beck Pfalzburger Stra\u00dfe 19a 10719 Berlin Mobil 0171.311.68.06 Fax 030.88.55.14.82 matthias@zoemobil.de Die von mir unter dem Synonym &#8222;beckslash&#8220; verfassten Beitr\u00e4ge in diesem Weblog repr\u00e4sentieren meine pers\u00f6nliche Meinung. Es steht au\u00dfer Frage, dass es andere Sichtweisen gibt. Ich gebe also keine Garantie daf\u00fcr, dass meine <a class=\"more-link\" href=\"https:\/\/zoemobil.de\/?page_id=2\">Weiterlesen &#8230;<\/a><\/p>\n","protected":false},"author":1,"featured_media":0,"parent":0,"menu_order":1,"comment_status":"closed","ping_status":"closed","template":"","meta":{"footnotes":""},"_links":{"self":[{"href":"https:\/\/zoemobil.de\/index.php?rest_route=\/wp\/v2\/pages\/2"}],"collection":[{"href":"https:\/\/zoemobil.de\/index.php?rest_route=\/wp\/v2\/pages"}],"about":[{"href":"https:\/\/zoemobil.de\/index.php?rest_route=\/wp\/v2\/types\/page"}],"author":[{"embeddable":true,"href":"https:\/\/zoemobil.de\/index.php?rest_route=\/wp\/v2\/users\/1"}],"replies":[{"embeddable":true,"href":"https:\/\/zoemobil.de\/index.php?rest_route=%2Fwp%2Fv2%2Fcomments&post=2"}],"version-history":[{"count":15,"href":"https:\/\/zoemobil.de\/index.php?rest_route=\/wp\/v2\/pages\/2\/revisions"}],"predecessor-version":[{"id":4000,"href":"https:\/\/zoemobil.de\/index.php?rest_route=\/wp\/v2\/pages\/2\/revisions\/4000"}],"wp:attachment":[{"href":"https:\/\/zoemobil.de\/index.php?rest_route=%2Fwp%2Fv2%2Fmedia&parent=2"}],"curies":[{"name":"wp","href":"https:\/\/api.w.org\/{rel}","templated":true}]}}