{"id":3092,"date":"2019-04-16T09:14:45","date_gmt":"2019-04-16T07:14:45","guid":{"rendered":"https:\/\/zoemobil.de\/?page_id=3092"},"modified":"2022-06-26T08:59:36","modified_gmt":"2022-06-26T06:59:36","slug":"elektrische-foren-blogs-andere-medien","status":"publish","type":"page","link":"https:\/\/zoemobil.de\/?page_id=3092","title":{"rendered":"Elektrische Foren, Blogs &#038; andere Medien"},"content":{"rendered":"<p>Da haben wir es doch bequemer als die alten R\u00f6mer: Wir k\u00f6nnen diverse Foren besuchen, ohne extra die Sandalen anziehen zu m\u00fcssen. Aber jede Sesterze hat nun mal auch zwei Seiten und deshalb bleibt uns auch heute noch die Qual der Wahl. Immerhin m\u00fcssen wir die aufgezeichneten Bemerkungen unserer Zeitgenossen nicht erst aus dem Lateinischen \u00fcbersetzen (Gott sei Dank, wie habe ich es gehasst&#8230;).<\/p>\n<p>Weiter unten habe ich <a href=\"#Medien\" title=\"Medien\">Medien<\/a> verlinkt, die ich f\u00fcr interessant oder witzig halte.<\/p>\n<p>Ganz nach vorne m\u00f6chte ich aber ein <strong>Printmedium<\/strong> stellen, das mich bereits seit der ersten Ausgabe 2016 begleitet und das ich w\u00e4rmstens empfehlen kann: <a href=\"https:\/\/www.elektroautomobil.com\/\" rel=\"noopener noreferrer\" target=\"_blank\">Elektroautomobil oder kurz EAM<\/a>.<\/p>\n<p>Das Magazin ist meines Erachtens f\u00fcr jeden und jede an Elektromobilit\u00e4t Interessierte(n) <strong>die<\/strong> Quelle f\u00fcr hervorragend recherchierte, sachliche und hochaktuelle Information \u00fcber E-Fahrzeuge. Der Schwerpunkt liegt bei Autos, doch auch Zweir\u00e4der, Flugger\u00e4te und alles andere, was sich elektrisch fortbewegt, kommen zur Erw\u00e4hnung. Es lohnt sich, den Zeitschriftenh\u00e4ndler (die \u00e4lteren unter uns erinnern sich) danach zu fragen.<\/p>\n<p>Wer nicht wei\u00df, was eine Zeitschrift \u00fcberhaupt ist oder wer halt ganz spontan Infos zum Thema sucht, der kann nat\u00fcrlich auch im sogenannten \u201eInternetz\u201c f\u00fcndig werden.<\/p>\n<h2>Foren, Blogs&#8230;<\/h2>\n<p>Zur Orientierung hier einige Beispiele, die ich bei der Suche nach Informationen zur Elektromobilit\u00e4t gefunden habe. Die Seiten einfach nur aufzulisten, erscheint mir jedoch oft nicht ausreichend. Jede Adresse hat so ihre Besonderheiten und bestimmte Schwerpunkte und daher k\u00f6nnen einige Bemerkungen dazu vielleicht die Auswahl erleichtern. Der Link zur betreffenden Seite steckt jeweils in der \u00dcberschrift.<\/p>\n<p>Die Reihenfolge der Nennung stellt \u00fcbrigens keinerlei Wertung dar, sondern repr\u00e4sentiert lediglich, wann ich mich n\u00e4her mit der Quelle besch\u00e4ftigt habe. Wer sich hier nicht wiederfindet, soll bitte nicht gekr\u00e4nkt sein. Ich habe seine Seite halt nur noch nicht gefunden. Ich will jedoch versuchen, diese Liste aktuell zu halten und nach und nach zu erweitern.<\/p>\n<h3>ZoePionierin.de <a title=\"ZoePionierin\" href=\"http:\/\/zoepionierin.de\/\" target=\"_blank\" rel=\"noopener noreferrer\">http:\/\/zoepionierin.de\/<\/a><\/h3>\n<p>In diesem Blog geht es in erster Linie um die ZOE, das ist klar. Jana H\u00f6ffners Interesse ist aber dem Thema Elektromobilit\u00e4t st\u00e4rker und in allen Bereichen zugewandt.<br \/>\nDie Artikel und Berichte besch\u00e4ftigen sich aus dem Raum Stuttgart und BW heraus mit allen Aspekten des elektrischen Alltags. Viele Tipps und Erfahrungen aus der Praxis sind hier zu finden, dazu Fahrberichte und Tests der g\u00e4ngigen Fahrzeuge auf dem deutschen Markt.<\/p>\n<p>Hervorzuheben ist die Tatsache, dass der Blog an sich und die enthaltenen Beitr\u00e4ge keinem wirtschaftlichen Zweck dienen. Das sagt die Autorin ganz ausdr\u00fccklich und ihre Beitr\u00e4ge spiegeln das auch wieder.<\/p>\n<p>Fazit: Hier kann man sich neutral \u00fcber das Thema informieren und findet gut geschriebene Beitr\u00e4ge und Kommentare. Der Schwerpunkt ZOE ist deutlich, jedoch bildet dies kein Hindernis f\u00fcr eine sachliche Besch\u00e4ftigung mit der Elektromobilit\u00e4t im Allgemeinen.<\/p>\n<p>(Wie man meinem eigenen Blog entnehmen kann, war die &#8222;ZoePionierin&#8220; der Ausl\u00f6ser und Vorbild f\u00fcr das eigene Engagement mittels dieses Mediums.)<\/p>\n<h3>GoingElectric <a title=\"GoingElectric\" href=\"http:\/\/www.goingelectric.de\/\" target=\"_blank\" rel=\"noopener noreferrer\">http:\/\/www.goingelectric.de\/<\/a><\/h3>\n<p>F\u00fcr mich und viele andere Interessierte <strong>das<\/strong> Forum f\u00fcr Elektromobilit\u00e4t. Die Hauptseite wird ganz offensichtlich von mehreren Autoren geschrieben und ist wie ein Nachrichtenmagazin gestaltet. Viele Artikel beziehen sich auf andere Publikationen, zitieren und kommentieren diese. Wohl nur ein Teil der Kosten wird mit \u00fcberwiegend zum Thema passender Werbung finanziert. (Update: Na gut, inzwischen tr\u00e4gt sich die Seite vermutlich oder verdient sogar Geld&#8230;)<\/p>\n<p>Besonders empfehlenswert: Stromtankstellen-Karte, -Routenplaner und -Statistik und ein ausf\u00fchrliches Wiki zu Fahrzeugmodellen, Ladetechnik und Betreibern.<\/p>\n<p>Wann immer man eine l\u00e4ngere Fahrt plant, hilft ein Blick in das Verzeichnis der Ladepunkte. Durchgef\u00fchrte Ladevorg\u00e4nge werden von vielen Nutzern dokumentiert und geben daher gut den jeweiligen Zustand der Ladem\u00f6glichkeit wieder. Das Auffinden der Lades\u00e4ulen wird durch Fotos vereinfacht, Tipps und Hinweise zur Freischaltung etc. gegeben.<\/p>\n<p>In den Foren von GoingElectric findet man zu beinahe jedem Thema und Ereignis, das mit Elektromobilit\u00e4t zusammenh\u00e4ngt, einen dazu passenden Eintrag oder eine Diskussion. Somit hat sich die Website zu einer Instanz entwickelt, die man in allen diesbez\u00fcglichen Fragen zu Rate ziehen kann.<\/p>\n<p>Fazit: Durch das umfangreiche Angebot an aktuellen Fakten zur Ladeinfrastruktur sowie die gro\u00dfe Zahl der Beitr\u00e4ge zu allen Themen und Fragen der Elektromobilit\u00e4t ist GoingElectric eine lohnende Quelle f\u00fcr jedwede Recherche. Wenn es dieses Medium nicht g\u00e4be, m\u00fcsste man es sofort erfinden.<\/p>\n<h3>Elektroautor <a title=\"Elektroautor\" href=\"http:\/\/www.elektroautor.com\" target=\"_blank\" rel=\"noopener noreferrer\">http:\/\/www.elektroautor.com<\/a><\/h3>\n<p>Blog aus \u00d6sterreich mit einem breit angelegten Angebot von Themen: Meinungen, Veranstaltungshinweise, Testberichte, sachliche Erl\u00e4uterungen, Historisches usw.. Ich bin bei der Suche nach Erfahrungsberichten f\u00fcr den e-Up darauf gesto\u00dfen. Ein Gastautor kommt hier zum Zuge und schreibt das &#8222;1. bayrische e-Up! Tagebuch&#8220;. Sehr am\u00fcsant zu lesen.<\/p>\n<p>Neue Beitr\u00e4ge erscheinen beinahe im Tagesrythmus. Die Inhalte sind oft so aktuell, dass man sie so ohne weiteres in keiner anderen Quelle findet. Keine Ahnung, was der Elektroautor alles liest und durchforstet, um an die Themen zu kommen.<\/p>\n<p>Auch der Elektroautor schaltet Werbung und unterh\u00e4lt sogar einen Shop. Ich finde das grunds\u00e4tzlich jedoch v\u00f6llig legitim, denn der Betrieb eines solchen Blogs nutzt Vielen und kostet doch einiges an Zeit und Unterhalt.<\/p>\n<p>Fazit: Lesenswert, informativ und am\u00fcsant. Eine Illustrierte der Elektromobilit\u00e4t mit einem breiten Spektrum an Information.<\/p>\n<h3>elweb <a title=\"elweb\" href=\"http:\/\/www.elweb.info\/\" target=\"_blank\" rel=\"noopener noreferrer\">http:\/\/www.elweb.info\/<\/a><\/h3>\n<p>Im elweb besteht eine Plattform, auf der kurz und sachlich Informationen zur Elektrobobilit\u00e4t ausgetauscht und bereitgestellt werden. Kein Schnickschnack, keine gef\u00e4llige Gestaltung, sondern Fakten in Textform sind die Merkmale dieser Seite.<\/p>\n<p>Viele Zitate aus unterschiedlichsten Quellen bilden mit Kommentaren versehen den Kern der News. Hier kann man Diskussionen \u00fcber wichtige Themen ebenso finden wie etwas durchgeknallte Schlagabtausche von Nerds und Geeks&#8230;<\/p>\n<p>Fazit: Nicht f\u00fcr Jeden etwas, aber etwas f\u00fcr Jeden.<\/p>\n<h3>ZOE elektrisierend <a title=\"ZOE elektrisierend\" href=\"http:\/\/www.zoe-elektrisierend.de\/\" target=\"_blank\" rel=\"noopener noreferrer\">http:\/\/www.zoe-elektrisierend.de\/<\/a><\/h3>\n<p>Viele praktische Tipps und eine Menge Verweise auf Artikel in allen g\u00e4ngigen Medien machen den Blog von Ren\u00e9 Auberger zu einer sehr lohnenden Lekt\u00fcre. Ob man sich also mit dem Gedanken an die Anschaffung eines Elektroautos tr\u00e4gt oder bereits elektrisch f\u00e4hrt und an den Erfahrungen anderer teilhaben m\u00f6chte, bei ZOE elektrisierend findet man daf\u00fcr interessante und einleuchtend geschriebene Beitr\u00e4ge. Eine gute Prise Ironie und Humor w\u00fcrzt die sachlich korrekte Information.<\/p>\n<p>Die Seite \u00fcberzeugt durch Sorgfalt und Umfang der Inhalte. Ren\u00e9 Auberger verwendet offensichtlich viel M\u00fche darauf, aktuelle Links zu anderen Foren und Blogs zu pflegen.<\/p>\n<p>Fazit: Unbedingt ein Lesezeichen setzen, denn hier findet man entweder einen Beitrag oder einen Link zu gesuchten Informationen rund um&#8217;s Elektroauto. Und auch einfach zum Schm\u00f6kern ist der Blog empfehlenswert.<\/p>\n<h3>Elektroauto Renault ZOE <a href=\"http:\/\/www.elektroauto-zoe.de\/\" title=\"Elektroauto ZOE\" target=\"_blank\" rel=\"noopener noreferrer\">http:\/\/www.elektroauto-zoe.de\/<\/a><\/h3>\n<p>Wer dar\u00fcber nachdenkt, sich ein Elektroauto anzuschaffen, findet in diesem Blog Erfahrungen, Probleml\u00f6sungen und witzige Artikel zur Nutzung eines solchen aus der Sicht eines selbst\u00e4ndigen Webentwicklers. Das ist kurzweilig, weil gut formuliert und hilfreich, weil die ganz typischen Fragen beantwortet werden. Und zwar ganz praktisch aus erster Hand, nachvollziehbar und gut begr\u00fcndet.<\/p>\n<p>Autor Stephan Hilchenbach aus der N\u00e4he von Hannover bietet dort nicht nur Tipps, Antworten und Entscheidungshilfen, sondern anderen E-Auto-Fahrern &#8222;auf Fahrt&#8220; auch Strom aus der eigenen CEE-Steckdose an. <\/p>\n<p>Fazit: Lesenswert und humorvoll, mit Hinweisen zu Literatur und anderen Informationsquellen<\/p>\n<h3>Ratgeber Elektroautos <a href=\"https:\/\/www.ratgeber-elektroautos.de\/\" title=\"Ratgeber Elektroautos\" target=\"_blank\" rel=\"noopener noreferrer\">https:\/\/www.ratgeber-elektroautos.de\/<\/a><\/h3>\n<p>Auch hier gl\u00e4nzt Stephan Hilchenbach mit einer sehr akribischen Sammlung und einer \u00fcbersichtlichen Darstellung von Daten der erh\u00e4ltlichen Elektroauto-Typen, Ladetechnik und Bezahlverfahren. Die kostenlosen Leistungen sind auch mit einem kommerziellen Beratungsangebot verbunden, das man bei Bedarf in Anspruch nehmen kann und erg\u00e4nzt um die GeoingElectric-Karte der Ladestationen.<\/p>\n<p>Fazit: Sehr kompakt f\u00fcr den \u00dcberblick und zus\u00e4tzlich mit der Option zur individuellen Beratung<\/p>\n<h3>WKM oder &#8222;Warum kein Mercedes?&#8220; <a href=\"https:\/\/warum-kein-mercedes.de\/\" title=\"WKM\" target=\"_blank\" rel=\"noopener noreferrer\">https:\/\/warum-kein-mercedes.de\/<\/a><\/h3>\n<p>Wie ein Mercedes-Fan zum Tesla kommt? Die Geschichte dazu ist frisch, sachlich und verf\u00fcgt durchaus \u00fcber Romanqualit\u00e4t. Sie liest sich einfach gut!<\/p>\n<p>Die Beweggr\u00fcnde f\u00fcr den Blog von Autor Erik Schneider kann man gut nachempfinden: Da ist einer in der Mitte (!) des Lebens angekommen, kennt seine Vorlieben und Abneigungen und dann krempelt eine Routinefrage einen eher nebens\u00e4chlichen Bestandteil des Lebens pl\u00f6tzlich v\u00f6llig um, r\u00fcckt ein Elektroauto in den Fokus. Wer kommunikativ genug ist, um solch ein \u00fcberraschendes pers\u00f6nliches Erlebnis den Anderen mitteilen zu m\u00fcssen, der schreibt dann heutzutage auch schon mal einen Blog&#8230;<\/p>\n<p>Fazit: Eine Lekt\u00fcre, die Spa\u00df macht, mit einer Story, die einigen Fahrern von Elektroautos bekannt vorkommen d\u00fcrfte.<\/p>\n<h3>Electric Vehicle Database <a href=\"https:\/\/ev-database.de\" rel=\"noopener\" target=\"_blank\">https:\/\/ev-database.de\/<\/a><\/h3>\n<p>Eine \u00e4u\u00dferst informative Datenbank mit allen relevanten Elektroautos findet man hier. Das Ganze ist nicht kommerziell, aber extrem professionell und vom praktischen Nutzen her fantastisch gut durchdacht. Ein El Dorado f\u00fcr Datenjunkies genauso, wie f\u00fcr Suchende, die ein Fahrzeug mit bestimmten Eigenschaften finden wollen.<\/p>\n<p>Schlau angelegte Filter lassen keine W\u00fcnsche offen: Mit wenigen Klicks sind die Parameter gesetzt, die zu einer Trefferliste von Fahrzeugen mit den gew\u00fcnschten Eigenschaften f\u00fchren.<br \/>\nDabei sind besonders Kriterien wie Gesamtkosten pro km, der f\u00fcr Dienst- oder Gesch\u00e4ftswagen zu versteuernde Geldwerte Vorteil oder Ladegeschwindigkeit in km je Stunde f\u00fcr die praktische, realistische Beurteilung der Autos grandios.<\/p>\n<p>Toll ist auch der \u201eSpickzettel\u201c (am unteren Rand der Deite ist der Link): Alle Modelle in der Datenbank werden dort nach einem w\u00e4hlbaren Merkmal sortiert ruckzuck aufgelistet.<\/p>\n<p>Fazit: Eine hervorragend gute Arbeit der Betreiber und eine wertvolle, objektive Quelle f\u00fcr zentrale Fakten \u00fcber das real existierende Angebot &#8211; jenseits von Prospektgeschwurbel und Markenimage.<\/p>\n<h2><a name=\"Medien\">&#8230;und andere Medien<\/a><\/h2>\n<h3>Lagerfeuergeschichte 2030<\/h3>\n<p>Witziges <a href=\"https:\/\/youtu.be\/Upe-H6drDK8\" rel=\"noopener noreferrer\" target=\"_blank\">Video<\/a>, in dem ein Vater seinen T\u00f6chtern eine Gruselgeschichte \u00fcber vergangene Zeiten erz\u00e4hlt.<\/p>\n<p>Auf YouTube ver\u00f6ffentlicht am 08.09.2017 von <a href=\"https:\/\/www.fleetcarma.com\/EVsAreBetter\/\" rel=\"noopener noreferrer\" target=\"_blank\">FleetCarma<\/a>.<\/p>\n<h3>Elektromobilit\u00e4t: Hype oder Revolution?<\/h3>\n<p>Vortrag von Prof. Dr. Markus Lienkamp, Lehrstuhl f\u00fcr Fahrzeugtechnik, Technische Universit\u00e4t M\u00fcnchen <a href=\"https:\/\/youtu.be\/5moHQFbEsDU\" title=\"Elektromobilit\u00e4t: Hype oder Revolution?\" target=\"_blank\" rel=\"noopener noreferrer\">(Video)<\/a> gehalten auf dem 8. Energiepolitischen Workshop \u201eElektromobilit\u00e4t \u2013 Mobilit\u00e4t der Zukunft?\u201c, 6.07.2017.<\/p>\n<p>Auf YouTube ver\u00f6ffentlicht am 12.07.2017 (ifo Institut \u2013 Leibniz-Institut f\u00fcr Wirtschaftsforschung an der Universit\u00e4t M\u00fcnchen e.V.).<\/p>\n<h3>&#8222;Ich muss noch kurz mein Handy tanken!&#8220;<\/h3>\n<p>Witziger Werbespot von Renault <a href=\"https:\/\/www.youtube.com\/watch?v=Gqy5-e5-ZOE\" title=\"Drive the Change\" target=\"_blank\" rel=\"noopener noreferrer\">(Video)<\/a><\/p>\n<p>Bei der gezeigten ZOE handelt es sich offensichtlich noch um die Studie bzw. den Prototyp. Sie hat zum Beispiel noch LED-Scheinwerfer und ein Glasdach (Seuftz!).<\/p>\n<p>Auf YouTube ver\u00f6ffentlicht am 09.10.2011.<\/p>\n<h3>Revolution der Automobilindustrie<\/h3>\n<p>Vortrag von Lars Thomsen, Zukunfts- und Trendforscher <a href=\"https:\/\/m.youtube.com\/watch?v=62BWCF0Z1WQ\" title=\"Revolution der Autoindustrie\" target=\"_blank\" rel=\"noopener noreferrer\">(Video)<\/a> gehalten auf der 26. internationalen \u201eMotor und Umwelt&#8220;-Konferenz der AVL List GmbH am 12. Sep. 2013 in Graz, \u00d6sterreich.<\/p>\n<p>Auf YouTube ver\u00f6ffentlicht am 11.10.2013.<\/p>\n<p><H3>Biosprit und Elektrotalk<\/h3>\n<p>Ein Unikum unter den Tesla-Fans ist sicherlich der Youtube-Blogger Horst L\u00fcnen, hauptberuflich im Versandhandel mit Spirituosen t\u00e4tig und urspr\u00fcnglich bekannt durch seine launigen Whiskyverkostungen vor laufender Kamera. Der promovierte Ingenieur f\u00fcr Luft- und Raumfahrttechnik plaudert in seinen Videos sehr selbstbewusst und mit breitem Wissen \u00fcber &#8230; eigentlich alles.<\/p>\n<p>Besonders bemerkenswert sind jedoch seine Filme zum Thema Elektromobilit\u00e4t, auf einzigartige Weise mit fl\u00fcssigen Brennstoffen verkn\u00fcpft, die \u00fcberwiegend kehlige schottische Namen tragen. Mir gef\u00e4llt beides und das geht offenbar noch anderen so: Einige Zehntausend haben seinen Kanal abonniert und manche Beitr\u00e4ge wurden mehr als eine viertelmillion Mal angeklickt.<\/p>\n<p>Zum Einstieg hier ein <a href=\"https:\/\/m.youtube.com\/watch?v=AAX7HmYftNI\" title=\"Beispiel\" target=\"_blank\" rel=\"noopener noreferrer\">Beispiel<\/a> (auf Youtube ver\u00f6ffentlicht am 18.09.2014). Aber Vorsicht, das kann unter Umst\u00e4nden l\u00e4nger dauern&#8230;<\/p>\n<h3>Ausgeliefert! Tesla Model 3 Test<\/h3>\n<p>Ein hervorragender, interessanter und wie ich finde sehr kurzweiliger Video-Beitrag des Hamburgers Dirk Kunde \u00fcber seinen ersten Praxistest des Model 3. <a href=\"https:\/\/www.youtube.com\/watch?v=-bPwispOovM\" rel=\"noopener noreferrer\" target=\"_blank\">(Video)<\/a><\/p>\n<p>Dieses Fahrzeug ist wohl das beste Anfang 2019 erh\u00e4ltliche Elektroauto, denn es bietet au\u00dfer einer sehr fortschrittlichen Ausstattung einfach das breiteste Anwendungspektrum &#8211; neben offensichtlich einer Menge Spa\u00df und Emotion. Daher verdient es meines Erachtens besondere Aufmerksamkeit &#8211; auch wenn man f\u00fcr dasselbe Geld locker zwei oder sogar drei ZOEs bekommt.<\/p>\n<p>VLog von Februar 2019, 22:00 Uhr, YouTube, 30 Min.<\/p>\n","protected":false},"excerpt":{"rendered":"<p>Da haben wir es doch bequemer als die alten R\u00f6mer: Wir k\u00f6nnen diverse Foren besuchen, ohne extra die Sandalen anziehen zu m\u00fcssen. Aber jede Sesterze hat nun mal auch zwei Seiten und deshalb bleibt uns auch heute noch die Qual der Wahl. Immerhin m\u00fcssen wir <a class=\"more-link\" href=\"https:\/\/zoemobil.de\/?page_id=3092\">Weiterlesen &#8230;<\/a><\/p>\n","protected":false},"author":1,"featured_media":0,"parent":0,"menu_order":0,"comment_status":"open","ping_status":"closed","template":"","meta":{"footnotes":""},"_links":{"self":[{"href":"https:\/\/zoemobil.de\/index.php?rest_route=\/wp\/v2\/pages\/3092"}],"collection":[{"href":"https:\/\/zoemobil.de\/index.php?rest_route=\/wp\/v2\/pages"}],"about":[{"href":"https:\/\/zoemobil.de\/index.php?rest_route=\/wp\/v2\/types\/page"}],"author":[{"embeddable":true,"href":"https:\/\/zoemobil.de\/index.php?rest_route=\/wp\/v2\/users\/1"}],"replies":[{"embeddable":true,"href":"https:\/\/zoemobil.de\/index.php?rest_route=%2Fwp%2Fv2%2Fcomments&post=3092"}],"version-history":[{"count":18,"href":"https:\/\/zoemobil.de\/index.php?rest_route=\/wp\/v2\/pages\/3092\/revisions"}],"predecessor-version":[{"id":4462,"href":"https:\/\/zoemobil.de\/index.php?rest_route=\/wp\/v2\/pages\/3092\/revisions\/4462"}],"wp:attachment":[{"href":"https:\/\/zoemobil.de\/index.php?rest_route=%2Fwp%2Fv2%2Fmedia&parent=3092"}],"curies":[{"name":"wp","href":"https:\/\/api.w.org\/{rel}","templated":true}]}}